{"id":274,"date":"2014-04-09T06:53:15","date_gmt":"2014-04-09T06:53:15","guid":{"rendered":"http:\/\/www.laguarimba.com.mx\/2015\/en\/inicio\/"},"modified":"2021-02-22T10:11:59","modified_gmt":"2021-02-22T10:11:59","slug":"inicio","status":"publish","type":"page","link":"https:\/\/www.laguarimba.com.mx\/en\/inicio\/","title":{"rendered":""},"content":{"rendered":"<p>Backed by more than 30 years\u2019 experience, Jennifer Shelley has formed a translation and communications agency that offers bilingual services to help understand and solve the communications and image needs of companies of all sizes. She offers her services in Spanish and English, with the support of a bilingual and bicultural team.<\/p>\n<p><!--:--><\/p>\n","protected":false},"excerpt":{"rendered":"<p><!--:es-->Con el aval de m\u00e1s de 30 a\u00f1os de experiencia nace<br \/><em><strong>La Guarimba<\/strong><\/em>, una agencia multidisciplinaria que ofrece servicios para comprender y dar soluci\u00f3n a las necesidades de comunicaci\u00f3n e imagen de empresas de todos tama\u00f1os.<\/p>\n<p><em><strong>La Guarimba<\/strong><\/em> ofrece todos sus servicios en espa\u00f1ol e ingl\u00e9s, con el respaldo de un equipo de trabajo formado por mujeres emprendedoras, biling\u00fces y biculturales.<!--:--><!--:en-->Backed by more than 30 years\u2019 experience, <em><strong>La Guarimba<\/strong><\/em> is a translation and communications agency that offers bilingual services that help understand and solve the communication and image needs of companies of all sizes.<!--:--><\/p>\n","protected":false},"author":1,"featured_media":210,"parent":0,"menu_order":0,"comment_status":"open","ping_status":"open","template":"","meta":[],"_links":{"self":[{"href":"https:\/\/www.laguarimba.com.mx\/en\/wp-json\/wp\/v2\/pages\/274"}],"collection":[{"href":"https:\/\/www.laguarimba.com.mx\/en\/wp-json\/wp\/v2\/pages"}],"about":[{"href":"https:\/\/www.laguarimba.com.mx\/en\/wp-json\/wp\/v2\/types\/page"}],"author":[{"embeddable":true,"href":"https:\/\/www.laguarimba.com.mx\/en\/wp-json\/wp\/v2\/users\/1"}],"replies":[{"embeddable":true,"href":"https:\/\/www.laguarimba.com.mx\/en\/wp-json\/wp\/v2\/comments?post=274"}],"version-history":[{"count":5,"href":"https:\/\/www.laguarimba.com.mx\/en\/wp-json\/wp\/v2\/pages\/274\/revisions"}],"predecessor-version":[{"id":337,"href":"https:\/\/www.laguarimba.com.mx\/en\/wp-json\/wp\/v2\/pages\/274\/revisions\/337"}],"wp:featuredmedia":[{"embeddable":true,"href":"https:\/\/www.laguarimba.com.mx\/en\/wp-json\/wp\/v2\/media\/210"}],"wp:attachment":[{"href":"https:\/\/www.laguarimba.com.mx\/en\/wp-json\/wp\/v2\/media?parent=274"}],"curies":[{"name":"wp","href":"https:\/\/api.w.org\/{rel}","templated":true}]}}